{"id":267,"date":"2020-06-19T18:25:09","date_gmt":"2020-06-19T16:25:09","guid":{"rendered":"https:\/\/esteticrental.com\/blog\/?page_id=267"},"modified":"2020-06-29T23:10:03","modified_gmt":"2020-06-29T21:10:03","slug":"terminos-y-condiciones","status":"publish","type":"page","link":"https:\/\/esteticrental.com\/blog\/terminos-y-condiciones\/","title":{"rendered":"T\u00e9rminos y Condiciones"},"content":{"rendered":"\n<p>Objeto y Aceptaci\u00f3n de los T\u00e9rminos y Condiciones de Uso Estos T\u00e9rminos y Condiciones de uso<\/p>\n\n\n\n<p>Tienen por objeto regular el uso que realicen las personas que ingresen al sitio Esteticrental.com (en adelante, el \u00abSitio Web\u00bb). El solo ingreso Esteticrental.com, por parte de un usuario implica la aceptaci\u00f3n completa de los T\u00e9rminos y Condiciones de Uso que se detallan a continuaci\u00f3n.<\/p>\n\n\n\n<p><strong>Objeto del Sitio Web Esteticrental.com<br><\/strong> Est\u00e1 orientado a difundir informaci\u00f3n y material period\u00edstico relacionado con la actividad cultural, tur\u00edstica, social, econ\u00f3mica y pol\u00edtica internacional. Asimismo, el Sitio Web tiene como objetivo ofrecer a los usuarios distintos productos y\/o servicios publicitados tanto por Esteticrental.com como por terceros.<\/p>\n\n\n\n<p><strong>Usos del Sitio Web<br><\/strong> El uso del Sitio Web es exclusiva responsabilidad del usuario, quien en todo caso deber\u00e1 servirse del mismo acorde a las funcionalidades permitidas en el propio sitio y a los usos autorizados en los presentes T\u00e9rminos y Condiciones de Uso, por lo que el usuario se obliga a utilizarlos de modo tal que no atenten contra las normas de uso y convivencia en Internet, las leyes de la Rep\u00fablica Argentina y la legislaci\u00f3n vigente en el pa\u00eds en que el usuario se encuentre al usarlos, las buenas costumbres, la dignidad de la persona y los derechos de terceros. Los usuarios se comprometen a utilizar los servicios o contenidos exclusivamente para su uso personal, y a no realizar ni directa ni indirectamente una explotaci\u00f3n comercial de los mismos. Los usuarios no tienen el derecho de colocar hiperv\u00ednculos de y hacia el Sitio Web, ni el derecho de colocar o utilizar los contenidos del mismo en sitios o p\u00e1ginas propias o de terceros sin autorizaci\u00f3n previa y por escrito de Esteticrental.com. Asimismo, los usuarios no tendr\u00e1n el derecho de limitar o impedir a cualquier otro usuario el uso del Sitio Web.<\/p>\n\n\n\n<p><strong>Protecci\u00f3n de los datos personales<br><\/strong> La informaci\u00f3n y\/o datos que voluntariamente faciliten los usuarios a trav\u00e9s del Sitio Web o a trav\u00e9s de los servicios a los que accedan, o de las promociones en las que participen, podr\u00e1n ser incorporados a la base de datos titularidad de Esteticrental.com con la finalidad de realizar la gesti\u00f3n y el mantenimiento de las relaciones con tales usuarios., es decir poder enviarles informaci\u00f3n sobre los productos de Esteticrental.com, boletines de noticias, publicidad, as\u00ed como nuevas ofertas, promociones o concursos o para la realizaci\u00f3n de estudios de mercado o estad\u00edsticos. Derechos de acceso, rectificaci\u00f3n, actualizaci\u00f3n y supresi\u00f3n En cumplimiento de lo dispuesto en la LPDP, los usuarios podr\u00e1n ejercitar sus derechos de acceso, rectificaci\u00f3n, actualizaci\u00f3n y supresi\u00f3n, contact\u00e1ndose con Esteticrental.com, por correo ordinario en su domicilio (Velez Sarsfield 576, Piso 3, C\u00f3rdoba, Argentina &#8211; Servicio de Atenci\u00f3n al Cliente -LPDP) o mediante correo electr\u00f3nico adm@esteticrental.com, indicando en el asunto \u00a8LPDP\u00a8. A tal fin, es necesario especificar el nombre y apellido, direcci\u00f3n y tel\u00e9fono, o en su defecto, el nombre de usuario utilizado en el portal. Ning\u00fan tercero ajeno a Esteticrental.com, salvo los supuestos amparados por la legislaci\u00f3n vigente, tendr\u00e1 acceso a la informaci\u00f3n y\/o datos personales de los usuarios del Sitio Web. En ning\u00fan caso Esteticrental.com ceder\u00e1 a terceros datos personales de menores que accedan al portal.<\/p>\n\n\n\n<p><strong>Cookies<br><\/strong> Es intenci\u00f3n de Esteticrental.com ofrecer un servicio personalizado y un trato preferencial. Para poder utilizar todos los servicios que brinda Esteticrental.com. ser\u00e1 necesario tener habilitadas las cookies. En ning\u00fan caso estos elementos servir\u00e1n para identificar a una persona concreta, ya que su uso ser\u00e1 meramente t\u00e9cnico, para ofrecer un mejor servicio a los usuarios y permitir la realizaci\u00f3n de contenidos avanzados. Estas cookies no servir\u00e1n para la realizaci\u00f3n de estudios comerciales ni dar\u00e1n informaci\u00f3n acerca de los h\u00e1bitos de navegaci\u00f3n de los usuarios. El usuario podr\u00e1 deshabilitar el uso de cookies a trav\u00e9s de las opciones de su navegador, si bien Esteticrental.com no podr\u00e1 garantizar en este caso el correcto funcionamiento de todos los servicios ofrecidos en el Sitio Web.<\/p>\n\n\n\n<p><strong>Confidencialidad y seguridad en el tratamiento de los datos personales y en las comunicaciones electr\u00f3nicas<br><\/strong> Esteticrental.com se compromete a tratar de forma absolutamente confidencial los datos de car\u00e1cter personal del usuario, adoptando las medidas de seguridad de \u00edndole t\u00e9cnica y organizativas necesarias para garantizar la seguridad de los mismos y evitar su alteraci\u00f3n, p\u00e9rdida, tratamiento y\/o acceso no autorizado. Esteticrental.com asegura, dentro de lo posible y conforme al estado actual de la tecnolog\u00eda, la confidencialidad e integridad de los datos e informaci\u00f3n que los usuarios faciliten para cumplir con las finalidades antes indicadas. Comunicaciones comerciales no solicitadas Esteticrental.com no enviar\u00e1 comunicaciones publicitarias ni promocionales a trav\u00e9s del e-mail, u otro medio de comunicaci\u00f3n electr\u00f3nico equivalente, si previamente no hubieran sido solicitadas o expresamente autorizadas por los destinatarios de las mismas. Lo dispuesto en el apartado anterior no ser\u00e1 de aplicaci\u00f3n cuando exista una relaci\u00f3n contractual previa y se hubieran obtenido los datos de contacto del destinatario con el consentimiento expreso del mismo.<\/p>\n\n\n\n<p><strong>Propiedad intelectual e industrial<br><\/strong> El Sitio Web incluye contenidos, textos, documentos, material publicitario, dibujos, material t\u00e9cnico de productos o de cualquier otro orden, bases de datos, sonidos, programas de software, distintivos corporativos, signos distintivos, marcas, dise\u00f1os gr\u00e1ficos, combinaciones de elementos, logotipos e im\u00e1genes, que est\u00e1n protegidos por derechos de propiedad intelectual o industrial de los que Esteticrental.com es titular o leg\u00edtima licenciataria. En este sentido, queda terminantemente prohibida la reproducci\u00f3n total o parcial, comunicaci\u00f3n p\u00fablica, modificaci\u00f3n, transformaci\u00f3n, copia, distribuci\u00f3n, o cualquier otra forma de explotaci\u00f3n y manipulaci\u00f3n del Sitio Web, de sus dispositivos t\u00e9cnicos, contenidos, aplicaciones, c\u00f3digos fuente, dise\u00f1o, selecci\u00f3n y forma de presentaci\u00f3n de los materiales y, en general, respecto de la informaci\u00f3n contenida en el Sitio Web. Queda, asimismo, prohibido descomponer, realizar ingenier\u00eda inversiva o, en general, transmitir de cualquier modo o realizar obras derivadas de los programas de ordenador necesarios para el funcionamiento y acceso del Sitio Web y de los servicios aqu\u00ed contenidos, as\u00ed como realizar, respecto de los mismos cualquier acto de explotaci\u00f3n. Servicios prestados por terceros Esteticrental.com no se responsabiliza por el uso ni por la idoneidad de los servicios prestados por terceros (herramientas, accesos digitales, estudios de mercado, etc), ni por la suspensi\u00f3n de dichos servicios, por lo que se excluye de cualquier responsabilidad por los da\u00f1os y perjuicios de toda naturaleza que puedan deberse a los mismos.<\/p>\n\n\n\n<p><strong>Garant\u00eda de Indemnidad<br><\/strong> Cada Usuario se compromete a indemnizar y mantener indemne a Esteticrental.com, sus empresas controladas y\/o controlantes, directivos, representantes, apoderados y empleados de todas ellas, por cualquier reclamo o demanda de otros usuarios o terceros por sus actividades en el Sitio Web o por su incumplimiento a estos T\u00e9rminos y Condiciones de Uso y dem\u00e1s pol\u00edticas que se entiendan parte de ellos, o por la violaci\u00f3n de cualesquiera leyes o derechos de terceros.<\/p>\n\n\n\n<p><strong>Modificaci\u00f3n<br><\/strong> Esteticrental.com se reserva el derecho de modificar en forma unilateral, sin mediar previo aviso, ni comunicaci\u00f3n los usuarios, estos T\u00e9rminos y Condiciones de Uso, como as\u00ed el dise\u00f1o, la presentaci\u00f3n o configuraci\u00f3n del Sitio Web, sin que ello genere derecho a reclamo o indemnizaci\u00f3n alguna en favor de los usuarios. En consecuencia, el usuario debe leer atentamente los T\u00e9rminos y Condiciones de Uso cada vez que pretenda utilizar el Sitio Web.<\/p>\n\n\n\n<p><strong>Informaci\u00f3n general sobre la compa\u00f1\u00eda: <\/strong><\/p>\n\n\n\n<p>Corpotec SAS<\/p>\n","protected":false},"excerpt":{"rendered":"<p>Objeto y Aceptaci\u00f3n de los T\u00e9rminos y Condiciones de Uso Estos T\u00e9rminos y Condiciones de uso Tienen por objeto regular el uso que realicen las personas que ingresen al sitio Esteticrental.com (en adelante, el \u00abSitio Web\u00bb). El solo ingreso Esteticrental.com, por parte de un usuario implica la aceptaci\u00f3n completa de los T\u00e9rminos y Condiciones de [&hellip;]<\/p>\n","protected":false},"author":1,"featured_media":0,"parent":0,"menu_order":0,"comment_status":"closed","ping_status":"closed","template":"","meta":{"footnotes":""},"class_list":["post-267","page","type-page","status-publish","hentry"],"yoast_head":"<!-- This site is optimized with the Yoast SEO plugin v24.9 - https:\/\/yoast.com\/wordpress\/plugins\/seo\/ -->\n<title>T\u00e9rminos y Condiciones - Estetic Rental - Blog<\/title>\n<meta name=\"robots\" content=\"index, follow, max-snippet:-1, max-image-preview:large, max-video-preview:-1\" \/>\n<link rel=\"canonical\" href=\"https:\/\/esteticrental.com\/blog\/terminos-y-condiciones\/\" \/>\n<meta property=\"og:locale\" content=\"es_ES\" \/>\n<meta property=\"og:type\" content=\"article\" \/>\n<meta property=\"og:title\" content=\"T\u00e9rminos y Condiciones - Estetic Rental - Blog\" \/>\n<meta property=\"og:description\" content=\"Objeto y Aceptaci\u00f3n de los T\u00e9rminos y Condiciones de Uso Estos T\u00e9rminos y Condiciones de uso Tienen por objeto regular el uso que realicen las personas que ingresen al sitio Esteticrental.com (en adelante, el \u00abSitio Web\u00bb). El solo ingreso Esteticrental.com, por parte de un usuario implica la aceptaci\u00f3n completa de los T\u00e9rminos y Condiciones de [&hellip;]\" \/>\n<meta property=\"og:url\" content=\"https:\/\/esteticrental.com\/blog\/terminos-y-condiciones\/\" \/>\n<meta property=\"og:site_name\" content=\"Estetic Rental - Blog\" \/>\n<meta property=\"article:modified_time\" content=\"2020-06-29T21:10:03+00:00\" \/>\n<meta name=\"twitter:card\" content=\"summary_large_image\" \/>\n<meta name=\"twitter:label1\" content=\"Tiempo de lectura\" \/>\n\t<meta name=\"twitter:data1\" content=\"7 minutos\" \/>\n<script type=\"application\/ld+json\" class=\"yoast-schema-graph\">{\"@context\":\"https:\/\/schema.org\",\"@graph\":[{\"@type\":\"WebPage\",\"@id\":\"https:\/\/esteticrental.com\/blog\/terminos-y-condiciones\/\",\"url\":\"https:\/\/esteticrental.com\/blog\/terminos-y-condiciones\/\",\"name\":\"T\u00e9rminos y Condiciones - Estetic Rental - Blog\",\"isPartOf\":{\"@id\":\"https:\/\/esteticrental.com\/blog\/#website\"},\"datePublished\":\"2020-06-19T16:25:09+00:00\",\"dateModified\":\"2020-06-29T21:10:03+00:00\",\"breadcrumb\":{\"@id\":\"https:\/\/esteticrental.com\/blog\/terminos-y-condiciones\/#breadcrumb\"},\"inLanguage\":\"es\",\"potentialAction\":[{\"@type\":\"ReadAction\",\"target\":[\"https:\/\/esteticrental.com\/blog\/terminos-y-condiciones\/\"]}]},{\"@type\":\"BreadcrumbList\",\"@id\":\"https:\/\/esteticrental.com\/blog\/terminos-y-condiciones\/#breadcrumb\",\"itemListElement\":[{\"@type\":\"ListItem\",\"position\":1,\"name\":\"Portada\",\"item\":\"https:\/\/esteticrental.com\/blog\/\"},{\"@type\":\"ListItem\",\"position\":2,\"name\":\"T\u00e9rminos y Condiciones\"}]},{\"@type\":\"WebSite\",\"@id\":\"https:\/\/esteticrental.com\/blog\/#website\",\"url\":\"https:\/\/esteticrental.com\/blog\/\",\"name\":\"Estetic Rental - Blog\",\"description\":\"\",\"publisher\":{\"@id\":\"https:\/\/esteticrental.com\/blog\/#organization\"},\"potentialAction\":[{\"@type\":\"SearchAction\",\"target\":{\"@type\":\"EntryPoint\",\"urlTemplate\":\"https:\/\/esteticrental.com\/blog\/?s={search_term_string}\"},\"query-input\":{\"@type\":\"PropertyValueSpecification\",\"valueRequired\":true,\"valueName\":\"search_term_string\"}}],\"inLanguage\":\"es\"},{\"@type\":\"Organization\",\"@id\":\"https:\/\/esteticrental.com\/blog\/#organization\",\"name\":\"Estetic Rental - Blog\",\"url\":\"https:\/\/esteticrental.com\/blog\/\",\"logo\":{\"@type\":\"ImageObject\",\"inLanguage\":\"es\",\"@id\":\"https:\/\/esteticrental.com\/blog\/#\/schema\/logo\/image\/\",\"url\":\"https:\/\/esteticrental.com\/blog\/wp-content\/uploads\/2019\/05\/estetic-rental.png\",\"contentUrl\":\"https:\/\/esteticrental.com\/blog\/wp-content\/uploads\/2019\/05\/estetic-rental.png\",\"width\":268,\"height\":48,\"caption\":\"Estetic Rental - Blog\"},\"image\":{\"@id\":\"https:\/\/esteticrental.com\/blog\/#\/schema\/logo\/image\/\"}}]}<\/script>\n<!-- \/ Yoast SEO plugin. -->","yoast_head_json":{"title":"T\u00e9rminos y Condiciones - Estetic Rental - Blog","robots":{"index":"index","follow":"follow","max-snippet":"max-snippet:-1","max-image-preview":"max-image-preview:large","max-video-preview":"max-video-preview:-1"},"canonical":"https:\/\/esteticrental.com\/blog\/terminos-y-condiciones\/","og_locale":"es_ES","og_type":"article","og_title":"T\u00e9rminos y Condiciones - Estetic Rental - Blog","og_description":"Objeto y Aceptaci\u00f3n de los T\u00e9rminos y Condiciones de Uso Estos T\u00e9rminos y Condiciones de uso Tienen por objeto regular el uso que realicen las personas que ingresen al sitio Esteticrental.com (en adelante, el \u00abSitio Web\u00bb). El solo ingreso Esteticrental.com, por parte de un usuario implica la aceptaci\u00f3n completa de los T\u00e9rminos y Condiciones de [&hellip;]","og_url":"https:\/\/esteticrental.com\/blog\/terminos-y-condiciones\/","og_site_name":"Estetic Rental - Blog","article_modified_time":"2020-06-29T21:10:03+00:00","twitter_card":"summary_large_image","twitter_misc":{"Tiempo de lectura":"7 minutos"},"schema":{"@context":"https:\/\/schema.org","@graph":[{"@type":"WebPage","@id":"https:\/\/esteticrental.com\/blog\/terminos-y-condiciones\/","url":"https:\/\/esteticrental.com\/blog\/terminos-y-condiciones\/","name":"T\u00e9rminos y Condiciones - Estetic Rental - Blog","isPartOf":{"@id":"https:\/\/esteticrental.com\/blog\/#website"},"datePublished":"2020-06-19T16:25:09+00:00","dateModified":"2020-06-29T21:10:03+00:00","breadcrumb":{"@id":"https:\/\/esteticrental.com\/blog\/terminos-y-condiciones\/#breadcrumb"},"inLanguage":"es","potentialAction":[{"@type":"ReadAction","target":["https:\/\/esteticrental.com\/blog\/terminos-y-condiciones\/"]}]},{"@type":"BreadcrumbList","@id":"https:\/\/esteticrental.com\/blog\/terminos-y-condiciones\/#breadcrumb","itemListElement":[{"@type":"ListItem","position":1,"name":"Portada","item":"https:\/\/esteticrental.com\/blog\/"},{"@type":"ListItem","position":2,"name":"T\u00e9rminos y Condiciones"}]},{"@type":"WebSite","@id":"https:\/\/esteticrental.com\/blog\/#website","url":"https:\/\/esteticrental.com\/blog\/","name":"Estetic Rental - Blog","description":"","publisher":{"@id":"https:\/\/esteticrental.com\/blog\/#organization"},"potentialAction":[{"@type":"SearchAction","target":{"@type":"EntryPoint","urlTemplate":"https:\/\/esteticrental.com\/blog\/?s={search_term_string}"},"query-input":{"@type":"PropertyValueSpecification","valueRequired":true,"valueName":"search_term_string"}}],"inLanguage":"es"},{"@type":"Organization","@id":"https:\/\/esteticrental.com\/blog\/#organization","name":"Estetic Rental - Blog","url":"https:\/\/esteticrental.com\/blog\/","logo":{"@type":"ImageObject","inLanguage":"es","@id":"https:\/\/esteticrental.com\/blog\/#\/schema\/logo\/image\/","url":"https:\/\/esteticrental.com\/blog\/wp-content\/uploads\/2019\/05\/estetic-rental.png","contentUrl":"https:\/\/esteticrental.com\/blog\/wp-content\/uploads\/2019\/05\/estetic-rental.png","width":268,"height":48,"caption":"Estetic Rental - Blog"},"image":{"@id":"https:\/\/esteticrental.com\/blog\/#\/schema\/logo\/image\/"}}]}},"_links":{"self":[{"href":"https:\/\/esteticrental.com\/blog\/wp-json\/wp\/v2\/pages\/267","targetHints":{"allow":["GET"]}}],"collection":[{"href":"https:\/\/esteticrental.com\/blog\/wp-json\/wp\/v2\/pages"}],"about":[{"href":"https:\/\/esteticrental.com\/blog\/wp-json\/wp\/v2\/types\/page"}],"author":[{"embeddable":true,"href":"https:\/\/esteticrental.com\/blog\/wp-json\/wp\/v2\/users\/1"}],"replies":[{"embeddable":true,"href":"https:\/\/esteticrental.com\/blog\/wp-json\/wp\/v2\/comments?post=267"}],"version-history":[{"count":3,"href":"https:\/\/esteticrental.com\/blog\/wp-json\/wp\/v2\/pages\/267\/revisions"}],"predecessor-version":[{"id":271,"href":"https:\/\/esteticrental.com\/blog\/wp-json\/wp\/v2\/pages\/267\/revisions\/271"}],"wp:attachment":[{"href":"https:\/\/esteticrental.com\/blog\/wp-json\/wp\/v2\/media?parent=267"}],"curies":[{"name":"wp","href":"https:\/\/api.w.org\/{rel}","templated":true}]}}